{"id":1359,"date":"2016-10-29T19:07:21","date_gmt":"2016-10-29T17:07:21","guid":{"rendered":"http:\/\/kunden.interface-medien.de\/kraeuterhaus_blog_2016\/?page_id=1359"},"modified":"2021-01-22T10:17:34","modified_gmt":"2021-01-22T09:17:34","slug":"unsere-autoren","status":"publish","type":"page","link":"https:\/\/www.kraeuterhaus.de\/blog\/unsere-autoren\/","title":{"rendered":"Unsere Autoren"},"content":{"rendered":"<article class=\"entry-content\"><h2>Liebe Leser,<\/h2>\n<p>wir sind das Autoren-Team des Blogs vom Kr\u00e4uterhaus Sanct Bernhard und freuen uns darauf, Sie kennenzulernen!<\/p>\n<p>Am meisten Freude haben wir daran, Ihnen das Kr\u00e4uterhaus in allen Facetten vorzustellen und Ihnen Anregungen zu liefern, wie Sie die hochwertigen Produkte im Alltag einsetzen k\u00f6nnen.<\/p>\n<p>Auch auf <a href=\"https:\/\/www.facebook.com\/Kraeuterhaus\/\">Facebook, <\/a><a href=\"https:\/\/www.youtube.com\/channel\/UCtELoLvQTdj9iohrAryTGbA\/featured\">Youtube<\/a> und <a href=\"https:\/\/www.instagram.com\/sanct.bernhard.official\">Instagram<\/a> sowie bei <a href=\"https:\/\/www.pinterest.de\/sanctbernhardoffical\/_created\/\">Pinterest<\/a> sind wir ganz flei\u00dfig, schauen Sie gerne auch hier vorbei!<\/p>\n<p>Wenn Sie inhaltliche Anregungen haben und Sie ein Thema unbedingt mal bei uns behandelt sehen wollen, schreiben Sie uns eine <a href=\"mailto:socialmedia@kraeuterhaus.de\">Mail<\/a>. Wir versuchen, Ihre Anfrage so schnell wie m\u00f6glich zu beantworten. Manchmal dauert das leider ein paar Tage, etwa wenn diese in einer anderen Sprache erfolgt als in Deutsch.<\/p>\n<p>Wir freuen uns auf einen positiven und gewinnbringenden Austausch mit Ihnen!<\/p>\n<p>Ihr Social-Media-Team vom Kr\u00e4uterhaus Sanct Bernhard.<\/p>\n<\/article>","protected":false},"excerpt":{"rendered":"<p>Liebe Leser, wir sind das Autoren-Team des Blogs vom Kr\u00e4uterhaus Sanct Bernhard und freuen uns darauf, Sie kennenzulernen! Am meisten Freude haben wir daran,&#8230;<\/p>\n","protected":false},"author":2,"featured_media":2258,"parent":0,"menu_order":0,"comment_status":"closed","ping_status":"closed","template":"","meta":{"footnotes":""},"class_list":["post-1359","page","type-page","status-publish","has-post-thumbnail","hentry","post-item","post-even"],"yoast_head":"<!-- This site is optimized with the Yoast SEO plugin v27.3 - https:\/\/yoast.com\/product\/yoast-seo-wordpress\/ -->\n<title>Unsere Autoren | Kr\u00e4uterhaus Blog<\/title>\n<meta name=\"description\" content=\"Sie k\u00f6nnen die Autoren unseres Kr\u00e4uterhaus-Blogs jederzeit per Mail kontaktieren. Wir freuen uns auf Ihre Fragen und Anmerkungen zum Blog.\" \/>\n<meta name=\"robots\" content=\"index, follow, max-snippet:-1, max-image-preview:large, max-video-preview:-1\" \/>\n<link rel=\"canonical\" href=\"https:\/\/www.kraeuterhaus.de\/blog\/unsere-autoren\/\" \/>\n<meta property=\"og:locale\" content=\"de_DE\" \/>\n<meta property=\"og:type\" content=\"article\" \/>\n<meta property=\"og:title\" content=\"Unsere Autoren | Kr\u00e4uterhaus Blog\" \/>\n<meta property=\"og:description\" content=\"Sie k\u00f6nnen die Autoren unseres Kr\u00e4uterhaus-Blogs jederzeit per Mail kontaktieren. Wir freuen uns auf Ihre Fragen und Anmerkungen zum Blog.\" \/>\n<meta property=\"og:url\" content=\"https:\/\/www.kraeuterhaus.de\/blog\/unsere-autoren\/\" \/>\n<meta property=\"og:site_name\" content=\"Wertvolles Wissen f\u00fcr Ihre Gesundheit und Sch\u00f6nheit\" \/>\n<meta property=\"article:publisher\" content=\"https:\/\/www.facebook.com\/Kraeuterhaus\/\" \/>\n<meta property=\"article:modified_time\" content=\"2021-01-22T09:17:34+00:00\" \/>\n<meta property=\"og:image\" content=\"https:\/\/www.kraeuterhaus.de\/blog\/wp-content\/uploads\/2016\/10\/teambild_neu_2017_1150x640.jpg\" \/>\n\t<meta property=\"og:image:width\" content=\"1150\" \/>\n\t<meta property=\"og:image:height\" content=\"640\" \/>\n\t<meta property=\"og:image:type\" content=\"image\/jpeg\" \/>\n<meta name=\"twitter:label1\" content=\"Gesch\u00e4tzte Lesezeit\" \/>\n\t<meta name=\"twitter:data1\" content=\"1\u00a0Minute\" \/>\n<script type=\"application\/ld+json\" class=\"yoast-schema-graph\">{\"@context\":\"https:\\\/\\\/schema.org\",\"@graph\":[{\"@type\":\"WebPage\",\"@id\":\"https:\\\/\\\/www.kraeuterhaus.de\\\/blog\\\/unsere-autoren\\\/\",\"url\":\"https:\\\/\\\/www.kraeuterhaus.de\\\/blog\\\/unsere-autoren\\\/\",\"name\":\"Unsere Autoren | Kr\u00e4uterhaus Blog\",\"isPartOf\":{\"@id\":\"https:\\\/\\\/www.kraeuterhaus.de\\\/blog\\\/#website\"},\"primaryImageOfPage\":{\"@id\":\"https:\\\/\\\/www.kraeuterhaus.de\\\/blog\\\/unsere-autoren\\\/#primaryimage\"},\"image\":{\"@id\":\"https:\\\/\\\/www.kraeuterhaus.de\\\/blog\\\/unsere-autoren\\\/#primaryimage\"},\"thumbnailUrl\":\"https:\\\/\\\/www.kraeuterhaus.de\\\/blog\\\/wp-content\\\/uploads\\\/2016\\\/10\\\/teambild_neu_2017_1150x640.jpg\",\"datePublished\":\"2016-10-29T17:07:21+00:00\",\"dateModified\":\"2021-01-22T09:17:34+00:00\",\"description\":\"Sie k\u00f6nnen die Autoren unseres Kr\u00e4uterhaus-Blogs jederzeit per Mail kontaktieren. Wir freuen uns auf Ihre Fragen und Anmerkungen zum Blog.\",\"breadcrumb\":{\"@id\":\"https:\\\/\\\/www.kraeuterhaus.de\\\/blog\\\/unsere-autoren\\\/#breadcrumb\"},\"inLanguage\":\"de\",\"potentialAction\":[{\"@type\":\"ReadAction\",\"target\":[\"https:\\\/\\\/www.kraeuterhaus.de\\\/blog\\\/unsere-autoren\\\/\"]}]},{\"@type\":\"ImageObject\",\"inLanguage\":\"de\",\"@id\":\"https:\\\/\\\/www.kraeuterhaus.de\\\/blog\\\/unsere-autoren\\\/#primaryimage\",\"url\":\"https:\\\/\\\/www.kraeuterhaus.de\\\/blog\\\/wp-content\\\/uploads\\\/2016\\\/10\\\/teambild_neu_2017_1150x640.jpg\",\"contentUrl\":\"https:\\\/\\\/www.kraeuterhaus.de\\\/blog\\\/wp-content\\\/uploads\\\/2016\\\/10\\\/teambild_neu_2017_1150x640.jpg\",\"width\":1150,\"height\":640,\"caption\":\"Kr\u00e4uterhaus Sanct Bernhard Blog-Team 2017\"},{\"@type\":\"BreadcrumbList\",\"@id\":\"https:\\\/\\\/www.kraeuterhaus.de\\\/blog\\\/unsere-autoren\\\/#breadcrumb\",\"itemListElement\":[{\"@type\":\"ListItem\",\"position\":1,\"name\":\"Startseite\",\"item\":\"https:\\\/\\\/www.kraeuterhaus.de\\\/blog\\\/\"},{\"@type\":\"ListItem\",\"position\":2,\"name\":\"Unsere Autoren\"}]},{\"@type\":\"WebSite\",\"@id\":\"https:\\\/\\\/www.kraeuterhaus.de\\\/blog\\\/#website\",\"url\":\"https:\\\/\\\/www.kraeuterhaus.de\\\/blog\\\/\",\"name\":\"Wertvolles Wissen f\u00fcr Ihre Gesundheit und Sch\u00f6nheit\",\"description\":\"Willkommen auf unserem Weblog\",\"publisher\":{\"@id\":\"https:\\\/\\\/www.kraeuterhaus.de\\\/blog\\\/#organization\"},\"potentialAction\":[{\"@type\":\"SearchAction\",\"target\":{\"@type\":\"EntryPoint\",\"urlTemplate\":\"https:\\\/\\\/www.kraeuterhaus.de\\\/blog\\\/?s={search_term_string}\"},\"query-input\":{\"@type\":\"PropertyValueSpecification\",\"valueRequired\":true,\"valueName\":\"search_term_string\"}}],\"inLanguage\":\"de\"},{\"@type\":\"Organization\",\"@id\":\"https:\\\/\\\/www.kraeuterhaus.de\\\/blog\\\/#organization\",\"name\":\"Kr\u00e4uterhaus Sanct Bernhard\",\"url\":\"https:\\\/\\\/www.kraeuterhaus.de\\\/blog\\\/\",\"logo\":{\"@type\":\"ImageObject\",\"inLanguage\":\"de\",\"@id\":\"https:\\\/\\\/www.kraeuterhaus.de\\\/blog\\\/#\\\/schema\\\/logo\\\/image\\\/\",\"url\":\"https:\\\/\\\/www.kraeuterhaus.de\\\/blog\\\/wp-content\\\/uploads\\\/2016\\\/10\\\/logo.gif\",\"contentUrl\":\"https:\\\/\\\/www.kraeuterhaus.de\\\/blog\\\/wp-content\\\/uploads\\\/2016\\\/10\\\/logo.gif\",\"width\":213,\"height\":85,\"caption\":\"Kr\u00e4uterhaus Sanct Bernhard\"},\"image\":{\"@id\":\"https:\\\/\\\/www.kraeuterhaus.de\\\/blog\\\/#\\\/schema\\\/logo\\\/image\\\/\"},\"sameAs\":[\"https:\\\/\\\/www.facebook.com\\\/Kraeuterhaus\\\/\",\"https:\\\/\\\/www.instagram.com\\\/sanct.bernhard.official\\\/\",\"https:\\\/\\\/www.youtube.com\\\/channel\\\/UCtELoLvQTdj9iohrAryTGbA\"]}]}<\/script>\n<!-- \/ Yoast SEO plugin. -->","yoast_head_json":{"title":"Unsere Autoren | Kr\u00e4uterhaus Blog","description":"Sie k\u00f6nnen die Autoren unseres Kr\u00e4uterhaus-Blogs jederzeit per Mail kontaktieren. Wir freuen uns auf Ihre Fragen und Anmerkungen zum Blog.","robots":{"index":"index","follow":"follow","max-snippet":"max-snippet:-1","max-image-preview":"max-image-preview:large","max-video-preview":"max-video-preview:-1"},"canonical":"https:\/\/www.kraeuterhaus.de\/blog\/unsere-autoren\/","og_locale":"de_DE","og_type":"article","og_title":"Unsere Autoren | Kr\u00e4uterhaus Blog","og_description":"Sie k\u00f6nnen die Autoren unseres Kr\u00e4uterhaus-Blogs jederzeit per Mail kontaktieren. Wir freuen uns auf Ihre Fragen und Anmerkungen zum Blog.","og_url":"https:\/\/www.kraeuterhaus.de\/blog\/unsere-autoren\/","og_site_name":"Wertvolles Wissen f\u00fcr Ihre Gesundheit und Sch\u00f6nheit","article_publisher":"https:\/\/www.facebook.com\/Kraeuterhaus\/","article_modified_time":"2021-01-22T09:17:34+00:00","og_image":[{"width":1150,"height":640,"url":"https:\/\/www.kraeuterhaus.de\/blog\/wp-content\/uploads\/2016\/10\/teambild_neu_2017_1150x640.jpg","type":"image\/jpeg"}],"twitter_misc":{"Gesch\u00e4tzte Lesezeit":"1\u00a0Minute"},"schema":{"@context":"https:\/\/schema.org","@graph":[{"@type":"WebPage","@id":"https:\/\/www.kraeuterhaus.de\/blog\/unsere-autoren\/","url":"https:\/\/www.kraeuterhaus.de\/blog\/unsere-autoren\/","name":"Unsere Autoren | Kr\u00e4uterhaus Blog","isPartOf":{"@id":"https:\/\/www.kraeuterhaus.de\/blog\/#website"},"primaryImageOfPage":{"@id":"https:\/\/www.kraeuterhaus.de\/blog\/unsere-autoren\/#primaryimage"},"image":{"@id":"https:\/\/www.kraeuterhaus.de\/blog\/unsere-autoren\/#primaryimage"},"thumbnailUrl":"https:\/\/www.kraeuterhaus.de\/blog\/wp-content\/uploads\/2016\/10\/teambild_neu_2017_1150x640.jpg","datePublished":"2016-10-29T17:07:21+00:00","dateModified":"2021-01-22T09:17:34+00:00","description":"Sie k\u00f6nnen die Autoren unseres Kr\u00e4uterhaus-Blogs jederzeit per Mail kontaktieren. Wir freuen uns auf Ihre Fragen und Anmerkungen zum Blog.","breadcrumb":{"@id":"https:\/\/www.kraeuterhaus.de\/blog\/unsere-autoren\/#breadcrumb"},"inLanguage":"de","potentialAction":[{"@type":"ReadAction","target":["https:\/\/www.kraeuterhaus.de\/blog\/unsere-autoren\/"]}]},{"@type":"ImageObject","inLanguage":"de","@id":"https:\/\/www.kraeuterhaus.de\/blog\/unsere-autoren\/#primaryimage","url":"https:\/\/www.kraeuterhaus.de\/blog\/wp-content\/uploads\/2016\/10\/teambild_neu_2017_1150x640.jpg","contentUrl":"https:\/\/www.kraeuterhaus.de\/blog\/wp-content\/uploads\/2016\/10\/teambild_neu_2017_1150x640.jpg","width":1150,"height":640,"caption":"Kr\u00e4uterhaus Sanct Bernhard Blog-Team 2017"},{"@type":"BreadcrumbList","@id":"https:\/\/www.kraeuterhaus.de\/blog\/unsere-autoren\/#breadcrumb","itemListElement":[{"@type":"ListItem","position":1,"name":"Startseite","item":"https:\/\/www.kraeuterhaus.de\/blog\/"},{"@type":"ListItem","position":2,"name":"Unsere Autoren"}]},{"@type":"WebSite","@id":"https:\/\/www.kraeuterhaus.de\/blog\/#website","url":"https:\/\/www.kraeuterhaus.de\/blog\/","name":"Wertvolles Wissen f\u00fcr Ihre Gesundheit und Sch\u00f6nheit","description":"Willkommen auf unserem Weblog","publisher":{"@id":"https:\/\/www.kraeuterhaus.de\/blog\/#organization"},"potentialAction":[{"@type":"SearchAction","target":{"@type":"EntryPoint","urlTemplate":"https:\/\/www.kraeuterhaus.de\/blog\/?s={search_term_string}"},"query-input":{"@type":"PropertyValueSpecification","valueRequired":true,"valueName":"search_term_string"}}],"inLanguage":"de"},{"@type":"Organization","@id":"https:\/\/www.kraeuterhaus.de\/blog\/#organization","name":"Kr\u00e4uterhaus Sanct Bernhard","url":"https:\/\/www.kraeuterhaus.de\/blog\/","logo":{"@type":"ImageObject","inLanguage":"de","@id":"https:\/\/www.kraeuterhaus.de\/blog\/#\/schema\/logo\/image\/","url":"https:\/\/www.kraeuterhaus.de\/blog\/wp-content\/uploads\/2016\/10\/logo.gif","contentUrl":"https:\/\/www.kraeuterhaus.de\/blog\/wp-content\/uploads\/2016\/10\/logo.gif","width":213,"height":85,"caption":"Kr\u00e4uterhaus Sanct Bernhard"},"image":{"@id":"https:\/\/www.kraeuterhaus.de\/blog\/#\/schema\/logo\/image\/"},"sameAs":["https:\/\/www.facebook.com\/Kraeuterhaus\/","https:\/\/www.instagram.com\/sanct.bernhard.official\/","https:\/\/www.youtube.com\/channel\/UCtELoLvQTdj9iohrAryTGbA"]}]}},"_links":{"self":[{"href":"https:\/\/www.kraeuterhaus.de\/blog\/wp-json\/wp\/v2\/pages\/1359","targetHints":{"allow":["GET"]}}],"collection":[{"href":"https:\/\/www.kraeuterhaus.de\/blog\/wp-json\/wp\/v2\/pages"}],"about":[{"href":"https:\/\/www.kraeuterhaus.de\/blog\/wp-json\/wp\/v2\/types\/page"}],"author":[{"embeddable":true,"href":"https:\/\/www.kraeuterhaus.de\/blog\/wp-json\/wp\/v2\/users\/2"}],"replies":[{"embeddable":true,"href":"https:\/\/www.kraeuterhaus.de\/blog\/wp-json\/wp\/v2\/comments?post=1359"}],"version-history":[{"count":3,"href":"https:\/\/www.kraeuterhaus.de\/blog\/wp-json\/wp\/v2\/pages\/1359\/revisions"}],"predecessor-version":[{"id":4088,"href":"https:\/\/www.kraeuterhaus.de\/blog\/wp-json\/wp\/v2\/pages\/1359\/revisions\/4088"}],"wp:featuredmedia":[{"embeddable":true,"href":"https:\/\/www.kraeuterhaus.de\/blog\/wp-json\/wp\/v2\/media\/2258"}],"wp:attachment":[{"href":"https:\/\/www.kraeuterhaus.de\/blog\/wp-json\/wp\/v2\/media?parent=1359"}],"curies":[{"name":"wp","href":"https:\/\/api.w.org\/{rel}","templated":true}]}}