{"id":1353,"date":"2016-10-27T08:44:41","date_gmt":"2016-10-27T06:44:41","guid":{"rendered":"http:\/\/kunden.interface-medien.de\/kraeuterhaus_blog_2016\/?page_id=1353"},"modified":"2023-04-12T16:16:58","modified_gmt":"2023-04-12T14:16:58","slug":"startseite","status":"publish","type":"page","link":"https:\/\/www.kraeuterhaus.de\/blog\/","title":{"rendered":"Startseite"},"content":{"rendered":"<article class=\"entry-content\"><\/article>","protected":false},"excerpt":{"rendered":"","protected":false},"author":2,"featured_media":0,"parent":0,"menu_order":0,"comment_status":"closed","ping_status":"closed","template":"page-composer.php","meta":{"footnotes":""},"class_list":["post-1353","page","type-page","status-publish","hentry","post-item","post-even"],"yoast_head":"<!-- This site is optimized with the Yoast SEO plugin v27.3 - https:\/\/yoast.com\/product\/yoast-seo-wordpress\/ -->\n<title>Kr\u00e4uterhaus Blog | Wertvolles Wissen f\u00fcr Gesundheit &amp; Sch\u00f6nheit<\/title>\n<meta name=\"description\" content=\"Im Weblog des Kr\u00e4uterhaus Sanct Bernhard stellen wir Ihnen unser wertvolles Wissen zu Gesundheit und Sch\u00f6nheit kostenlos zur Verf\u00fcgung. St\u00f6bern lohnt sich!\" \/>\n<meta name=\"robots\" content=\"index, follow, max-snippet:-1, max-image-preview:large, max-video-preview:-1\" \/>\n<link rel=\"canonical\" href=\"https:\/\/www.kraeuterhaus.de\/blog\/\" \/>\n<meta property=\"og:locale\" content=\"de_DE\" \/>\n<meta property=\"og:type\" content=\"article\" \/>\n<meta property=\"og:title\" content=\"Kr\u00e4uterhaus Blog | Wertvolles Wissen f\u00fcr Gesundheit &amp; Sch\u00f6nheit\" \/>\n<meta property=\"og:description\" content=\"Im Weblog des Kr\u00e4uterhaus Sanct Bernhard stellen wir Ihnen unser wertvolles Wissen zu Gesundheit und Sch\u00f6nheit kostenlos zur Verf\u00fcgung. St\u00f6bern lohnt sich!\" \/>\n<meta property=\"og:url\" content=\"https:\/\/www.kraeuterhaus.de\/blog\/\" \/>\n<meta property=\"og:site_name\" content=\"Wertvolles Wissen f\u00fcr Ihre Gesundheit und Sch\u00f6nheit\" \/>\n<meta property=\"article:publisher\" content=\"https:\/\/www.facebook.com\/Kraeuterhaus\/\" \/>\n<meta property=\"article:modified_time\" content=\"2023-04-12T14:16:58+00:00\" \/>\n<script type=\"application\/ld+json\" class=\"yoast-schema-graph\">{\"@context\":\"https:\\\/\\\/schema.org\",\"@graph\":[{\"@type\":\"WebPage\",\"@id\":\"https:\\\/\\\/www.kraeuterhaus.de\\\/blog\\\/\",\"url\":\"https:\\\/\\\/www.kraeuterhaus.de\\\/blog\\\/\",\"name\":\"Kr\u00e4uterhaus Blog | Wertvolles Wissen f\u00fcr Gesundheit & Sch\u00f6nheit\",\"isPartOf\":{\"@id\":\"https:\\\/\\\/www.kraeuterhaus.de\\\/blog\\\/#website\"},\"datePublished\":\"2016-10-27T06:44:41+00:00\",\"dateModified\":\"2023-04-12T14:16:58+00:00\",\"description\":\"Im Weblog des Kr\u00e4uterhaus Sanct Bernhard stellen wir Ihnen unser wertvolles Wissen zu Gesundheit und Sch\u00f6nheit kostenlos zur Verf\u00fcgung. St\u00f6bern lohnt sich!\",\"breadcrumb\":{\"@id\":\"https:\\\/\\\/www.kraeuterhaus.de\\\/blog\\\/#breadcrumb\"},\"inLanguage\":\"de\",\"potentialAction\":[{\"@type\":\"ReadAction\",\"target\":[\"https:\\\/\\\/www.kraeuterhaus.de\\\/blog\\\/\"]}]},{\"@type\":\"BreadcrumbList\",\"@id\":\"https:\\\/\\\/www.kraeuterhaus.de\\\/blog\\\/#breadcrumb\",\"itemListElement\":[{\"@type\":\"ListItem\",\"position\":1,\"name\":\"Startseite\",\"item\":\"https:\\\/\\\/www.kraeuterhaus.de\\\/blog\\\/\"},{\"@type\":\"ListItem\",\"position\":2,\"name\":\"Startseite\"}]},{\"@type\":\"WebSite\",\"@id\":\"https:\\\/\\\/www.kraeuterhaus.de\\\/blog\\\/#website\",\"url\":\"https:\\\/\\\/www.kraeuterhaus.de\\\/blog\\\/\",\"name\":\"Wertvolles Wissen f\u00fcr Ihre Gesundheit und Sch\u00f6nheit\",\"description\":\"Willkommen auf unserem Weblog\",\"publisher\":{\"@id\":\"https:\\\/\\\/www.kraeuterhaus.de\\\/blog\\\/#organization\"},\"potentialAction\":[{\"@type\":\"SearchAction\",\"target\":{\"@type\":\"EntryPoint\",\"urlTemplate\":\"https:\\\/\\\/www.kraeuterhaus.de\\\/blog\\\/?s={search_term_string}\"},\"query-input\":{\"@type\":\"PropertyValueSpecification\",\"valueRequired\":true,\"valueName\":\"search_term_string\"}}],\"inLanguage\":\"de\"},{\"@type\":\"Organization\",\"@id\":\"https:\\\/\\\/www.kraeuterhaus.de\\\/blog\\\/#organization\",\"name\":\"Kr\u00e4uterhaus Sanct Bernhard\",\"url\":\"https:\\\/\\\/www.kraeuterhaus.de\\\/blog\\\/\",\"logo\":{\"@type\":\"ImageObject\",\"inLanguage\":\"de\",\"@id\":\"https:\\\/\\\/www.kraeuterhaus.de\\\/blog\\\/#\\\/schema\\\/logo\\\/image\\\/\",\"url\":\"https:\\\/\\\/www.kraeuterhaus.de\\\/blog\\\/wp-content\\\/uploads\\\/2016\\\/10\\\/logo.gif\",\"contentUrl\":\"https:\\\/\\\/www.kraeuterhaus.de\\\/blog\\\/wp-content\\\/uploads\\\/2016\\\/10\\\/logo.gif\",\"width\":213,\"height\":85,\"caption\":\"Kr\u00e4uterhaus Sanct Bernhard\"},\"image\":{\"@id\":\"https:\\\/\\\/www.kraeuterhaus.de\\\/blog\\\/#\\\/schema\\\/logo\\\/image\\\/\"},\"sameAs\":[\"https:\\\/\\\/www.facebook.com\\\/Kraeuterhaus\\\/\",\"https:\\\/\\\/www.instagram.com\\\/sanct.bernhard.official\\\/\",\"https:\\\/\\\/www.youtube.com\\\/channel\\\/UCtELoLvQTdj9iohrAryTGbA\"]}]}<\/script>\n<!-- \/ Yoast SEO plugin. -->","yoast_head_json":{"title":"Kr\u00e4uterhaus Blog | Wertvolles Wissen f\u00fcr Gesundheit & Sch\u00f6nheit","description":"Im Weblog des Kr\u00e4uterhaus Sanct Bernhard stellen wir Ihnen unser wertvolles Wissen zu Gesundheit und Sch\u00f6nheit kostenlos zur Verf\u00fcgung. St\u00f6bern lohnt sich!","robots":{"index":"index","follow":"follow","max-snippet":"max-snippet:-1","max-image-preview":"max-image-preview:large","max-video-preview":"max-video-preview:-1"},"canonical":"https:\/\/www.kraeuterhaus.de\/blog\/","og_locale":"de_DE","og_type":"article","og_title":"Kr\u00e4uterhaus Blog | Wertvolles Wissen f\u00fcr Gesundheit & Sch\u00f6nheit","og_description":"Im Weblog des Kr\u00e4uterhaus Sanct Bernhard stellen wir Ihnen unser wertvolles Wissen zu Gesundheit und Sch\u00f6nheit kostenlos zur Verf\u00fcgung. St\u00f6bern lohnt sich!","og_url":"https:\/\/www.kraeuterhaus.de\/blog\/","og_site_name":"Wertvolles Wissen f\u00fcr Ihre Gesundheit und Sch\u00f6nheit","article_publisher":"https:\/\/www.facebook.com\/Kraeuterhaus\/","article_modified_time":"2023-04-12T14:16:58+00:00","schema":{"@context":"https:\/\/schema.org","@graph":[{"@type":"WebPage","@id":"https:\/\/www.kraeuterhaus.de\/blog\/","url":"https:\/\/www.kraeuterhaus.de\/blog\/","name":"Kr\u00e4uterhaus Blog | Wertvolles Wissen f\u00fcr Gesundheit & Sch\u00f6nheit","isPartOf":{"@id":"https:\/\/www.kraeuterhaus.de\/blog\/#website"},"datePublished":"2016-10-27T06:44:41+00:00","dateModified":"2023-04-12T14:16:58+00:00","description":"Im Weblog des Kr\u00e4uterhaus Sanct Bernhard stellen wir Ihnen unser wertvolles Wissen zu Gesundheit und Sch\u00f6nheit kostenlos zur Verf\u00fcgung. St\u00f6bern lohnt sich!","breadcrumb":{"@id":"https:\/\/www.kraeuterhaus.de\/blog\/#breadcrumb"},"inLanguage":"de","potentialAction":[{"@type":"ReadAction","target":["https:\/\/www.kraeuterhaus.de\/blog\/"]}]},{"@type":"BreadcrumbList","@id":"https:\/\/www.kraeuterhaus.de\/blog\/#breadcrumb","itemListElement":[{"@type":"ListItem","position":1,"name":"Startseite","item":"https:\/\/www.kraeuterhaus.de\/blog\/"},{"@type":"ListItem","position":2,"name":"Startseite"}]},{"@type":"WebSite","@id":"https:\/\/www.kraeuterhaus.de\/blog\/#website","url":"https:\/\/www.kraeuterhaus.de\/blog\/","name":"Wertvolles Wissen f\u00fcr Ihre Gesundheit und Sch\u00f6nheit","description":"Willkommen auf unserem Weblog","publisher":{"@id":"https:\/\/www.kraeuterhaus.de\/blog\/#organization"},"potentialAction":[{"@type":"SearchAction","target":{"@type":"EntryPoint","urlTemplate":"https:\/\/www.kraeuterhaus.de\/blog\/?s={search_term_string}"},"query-input":{"@type":"PropertyValueSpecification","valueRequired":true,"valueName":"search_term_string"}}],"inLanguage":"de"},{"@type":"Organization","@id":"https:\/\/www.kraeuterhaus.de\/blog\/#organization","name":"Kr\u00e4uterhaus Sanct Bernhard","url":"https:\/\/www.kraeuterhaus.de\/blog\/","logo":{"@type":"ImageObject","inLanguage":"de","@id":"https:\/\/www.kraeuterhaus.de\/blog\/#\/schema\/logo\/image\/","url":"https:\/\/www.kraeuterhaus.de\/blog\/wp-content\/uploads\/2016\/10\/logo.gif","contentUrl":"https:\/\/www.kraeuterhaus.de\/blog\/wp-content\/uploads\/2016\/10\/logo.gif","width":213,"height":85,"caption":"Kr\u00e4uterhaus Sanct Bernhard"},"image":{"@id":"https:\/\/www.kraeuterhaus.de\/blog\/#\/schema\/logo\/image\/"},"sameAs":["https:\/\/www.facebook.com\/Kraeuterhaus\/","https:\/\/www.instagram.com\/sanct.bernhard.official\/","https:\/\/www.youtube.com\/channel\/UCtELoLvQTdj9iohrAryTGbA"]}]}},"_links":{"self":[{"href":"https:\/\/www.kraeuterhaus.de\/blog\/wp-json\/wp\/v2\/pages\/1353","targetHints":{"allow":["GET"]}}],"collection":[{"href":"https:\/\/www.kraeuterhaus.de\/blog\/wp-json\/wp\/v2\/pages"}],"about":[{"href":"https:\/\/www.kraeuterhaus.de\/blog\/wp-json\/wp\/v2\/types\/page"}],"author":[{"embeddable":true,"href":"https:\/\/www.kraeuterhaus.de\/blog\/wp-json\/wp\/v2\/users\/2"}],"replies":[{"embeddable":true,"href":"https:\/\/www.kraeuterhaus.de\/blog\/wp-json\/wp\/v2\/comments?post=1353"}],"version-history":[{"count":8,"href":"https:\/\/www.kraeuterhaus.de\/blog\/wp-json\/wp\/v2\/pages\/1353\/revisions"}],"predecessor-version":[{"id":4770,"href":"https:\/\/www.kraeuterhaus.de\/blog\/wp-json\/wp\/v2\/pages\/1353\/revisions\/4770"}],"wp:attachment":[{"href":"https:\/\/www.kraeuterhaus.de\/blog\/wp-json\/wp\/v2\/media?parent=1353"}],"curies":[{"name":"wp","href":"https:\/\/api.w.org\/{rel}","templated":true}]}}